{"id":53,"date":"2024-03-28T14:04:23","date_gmt":"2024-03-28T17:04:23","guid":{"rendered":"https:\/\/maranataeventos.com.br\/?page_id=53"},"modified":"2025-05-06T12:38:05","modified_gmt":"2025-05-06T15:38:05","slug":"nossos-trabalhos","status":"publish","type":"page","link":"https:\/\/maranataeventos.com.br\/index.php\/nossos-trabalhos\/","title":{"rendered":"Nossos Trabalhos"},"content":{"rendered":"\n<p>CONFIRA AS FOTOS DOS PROJETOS REALIZADOS<\/p>\n\n\n\n<p><strong><em>Explore a excel\u00eancia visual dos nossos servi\u00e7os<\/em><\/strong><\/p>\n\n\n\n<p><strong><em>Mergulhe em uma galeria de trabalhos incr\u00edveis que contam hist\u00f3rias de sucesso.<\/em><\/strong><\/p>\n","protected":false},"excerpt":{"rendered":"<p>CONFIRA AS FOTOS DOS PROJETOS REALIZADOS Explore a excel\u00eancia visual dos nossos servi\u00e7os Mergulhe em uma galeria de trabalhos incr\u00edveis que contam hist\u00f3rias de sucesso.<\/p>\n","protected":false},"author":1,"featured_media":0,"parent":0,"menu_order":0,"comment_status":"closed","ping_status":"closed","template":"","meta":{"footnotes":""},"class_list":["post-53","page","type-page","status-publish","hentry"],"_links":{"self":[{"href":"https:\/\/maranataeventos.com.br\/index.php\/wp-json\/wp\/v2\/pages\/53","targetHints":{"allow":["GET"]}}],"collection":[{"href":"https:\/\/maranataeventos.com.br\/index.php\/wp-json\/wp\/v2\/pages"}],"about":[{"href":"https:\/\/maranataeventos.com.br\/index.php\/wp-json\/wp\/v2\/types\/page"}],"author":[{"embeddable":true,"href":"https:\/\/maranataeventos.com.br\/index.php\/wp-json\/wp\/v2\/users\/1"}],"replies":[{"embeddable":true,"href":"https:\/\/maranataeventos.com.br\/index.php\/wp-json\/wp\/v2\/comments?post=53"}],"version-history":[{"count":1,"href":"https:\/\/maranataeventos.com.br\/index.php\/wp-json\/wp\/v2\/pages\/53\/revisions"}],"predecessor-version":[{"id":65,"href":"https:\/\/maranataeventos.com.br\/index.php\/wp-json\/wp\/v2\/pages\/53\/revisions\/65"}],"wp:attachment":[{"href":"https:\/\/maranataeventos.com.br\/index.php\/wp-json\/wp\/v2\/media?parent=53"}],"curies":[{"name":"wp","href":"https:\/\/api.w.org\/{rel}","templated":true}]}}